{"id":6598925,"date":"2024-11-29T16:44:49","date_gmt":"2024-11-29T14:44:49","guid":{"rendered":"https:\/\/bodyandface.gr\/?post_type=product&#038;p=6598925"},"modified":"2025-07-24T21:05:33","modified_gmt":"2025-07-24T18:05:33","slug":"academie-seve-miracle-flamboyant","status":"publish","type":"product","link":"https:\/\/bodyandface.gr\/en\/product\/academie-seve-miracle-flamboyant\/","title":{"rendered":"Acad\u00e9mie S\u00e8ve Miracle Flamboyant"},"content":{"rendered":"<p><strong>\u03a7\u03b1\u03c1\u03b1\u03ba\u03c4\u03b7\u03c1\u03b9\u03c3\u03c4\u03b9\u03ba\u03ac:<\/strong><\/p>\n<ul>\n<li>\u039f\u03bb\u03bf\u03ba\u03bb\u03b7\u03c1\u03c9\u03bc\u03ad\u03bd\u03b7 \u03c1\u03bf\u03c5\u03c4\u03af\u03bd\u03b1 \u03b3\u03b9\u03b1 \u03ba\u03b1\u03b8\u03b7\u03bc\u03b5\u03c1\u03b9\u03bd\u03ae \u03c6\u03c1\u03bf\u03bd\u03c4\u03af\u03b4\u03b1.<\/li>\n<li>\u0391\u03c0\u03bf\u03ba\u03b1\u03c4\u03ac\u03c3\u03c4\u03b1\u03c3\u03b7 \u03c4\u03b7\u03c2 \u03c3\u03c6\u03c1\u03b9\u03b3\u03b7\u03bb\u03cc\u03c4\u03b7\u03c4\u03b1\u03c2 \u03c4\u03bf\u03c5 \u03b4\u03ad\u03c1\u03bc\u03b1\u03c4\u03bf\u03c2.<\/li>\n<li>\u039b\u03ac\u03bc\u03c8\u03b7 \u03ba\u03b1\u03b9 \u03b1\u03bd\u03b1\u03b6\u03c9\u03bf\u03b3\u03cc\u03bd\u03b7\u03c3\u03b7 \u03c4\u03bf\u03c5 \u03b4\u03ad\u03c1\u03bc\u03b1\u03c4\u03bf\u03c2.<\/li>\n<li>\u03a5\u03c0\u03ad\u03c1\u03bf\u03c7\u03bf \u03c3\u03b1\u03bd \u03b4\u03ce\u03c1\u03bf.<\/li>\n<li>\u0398\u03b1 \u03b5\u03c5\u03c7\u03b1\u03c1\u03b9\u03c3\u03c4\u03ae\u03c3\u03b5\u03b9 \u03cc\u03bb\u03b5\u03c2 \u03c4\u03b9\u03c2 \u03b3\u03c5\u03bd\u03b1\u03af\u03ba\u03b5\u03c2!!<\/li>\n<\/ul>\n","protected":false},"excerpt":{"rendered":"<h1 class=\"sc-3sotvb-1 kOxbjU\" data-testid=\"pd-header-title\"><span class=\"sc-3sotvb-5 iOFMiy\">\u03a3\u03b5\u03c4 \u03b4\u03ce\u03c1\u03bf\u03c5 \u03b3\u03b9\u03b1 \u03b5\u03bd\u03af\u03c3\u03c7\u03c5\u03c3\u03b7 \u03b5\u03c0\u03b9\u03b4\u03b5\u03c1\u03bc\u03af\u03b4\u03b1\u03c2 \u03c0\u03c1\u03cc\u03c3\u03c9\u03c0\u03bf\u03c5<\/span><\/h1>\n<p>\u03a4\u03b1 \u03c0\u03ac\u03bd\u03c4\u03b1 \u03b3\u03b9\u03b1 \u03bc\u03b9\u03b1 \u03cc\u03bc\u03bf\u03c1\u03c6\u03b7 \u03b5\u03c0\u03b9\u03b4\u03b5\u03c1\u03bc\u03af\u03b4\u03b1 \u03c3\u03b5 \u03bc\u03af\u03b1 \u03c3\u03c5\u03c3\u03ba\u03b5\u03c5\u03b1\u03c3\u03af\u03b1. \u03a4\u03bf \u03c3\u03b5\u03c4 \u03ba\u03b1\u03bb\u03bb\u03c5\u03bd\u03c4\u03b9\u03ba\u03ce\u03bd Acad\u00e9mie Scientifique de Beaut\u00e9 S\u00e8ve Miracle Flamboyant \u03c0\u03b5\u03c1\u03b9\u03ad\u03c7\u03b5\u03b9 \u03cc\u03c7\u03b9 \u03ad\u03bd\u03b1, \u03b1\u03bb\u03bb\u03ac \u03c0\u03bf\u03bb\u03bb\u03ac \u03c0\u03c1\u03bf\u03ca\u03cc\u03bd\u03c4\u03b1 \u03c0\u03bf\u03c5 \u03b8\u03b1 \u03c3\u03b1\u03c2 \u03b2\u03bf\u03b7\u03b8\u03ae\u03c3\u03bf\u03c5\u03bd \u03bd\u03b1 \u03b4\u03b9\u03b1\u03bc\u03bf\u03c1\u03c6\u03ce\u03c3\u03b5\u03c4\u03b5 \u03ae \u03bd\u03b1 \u03b5\u03bc\u03c0\u03bb\u03bf\u03c5\u03c4\u03af\u03c3\u03b5\u03c4\u03b5 \u03c4\u03b7\u03bd \u03ba\u03b1\u03b8\u03b7\u03bc\u03b5\u03c1\u03b9\u03bd\u03ae \u03c3\u03b1\u03c2 \u03c1\u03bf\u03c5\u03c4\u03af\u03bd\u03b1 \u03bf\u03bc\u03bf\u03c1\u03c6\u03b9\u03ac\u03c2 \u03ba\u03b9 \u03ad\u03c4\u03c3\u03b9 \u03b8\u03b1 \u03c0\u03c1\u03bf\u03c3\u03c6\u03ad\u03c1\u03bf\u03c5\u03bd \u03c7\u03b1\u03c1\u03ac \u03c3\u03b5 \u03b5\u03c3\u03ac\u03c2 \u03ae \u03c3\u03c4\u03bf\u03c5\u03c2 \u03b1\u03b3\u03b1\u03c0\u03b7\u03bc\u03ad\u03bd\u03bf\u03c5\u03c2 \u03c3\u03b1\u03c2 \u03c9\u03c2 \u03b4\u03ce\u03c1\u03bf.<\/p>\n<p><strong>\u03a4\u03bf \u03c3\u03b5\u03c4 \u03c0\u03b5\u03c1\u03b9\u03ad\u03c7\u03b5\u03b9:<\/strong><\/p>\n<ul>\n<li>Acad\u00e9mie Scientifique de Beaut\u00e9 S\u00e8ve Miracle \u03bb\u03b5\u03b9\u03b1\u03bd\u03c4\u03b9\u03ba\u03ae \u03ba\u03c1\u03ad\u03bc\u03b1 \u03b7\u03bc\u03ad\u03c1\u03b1\u03c2 \u03ba\u03b1\u03b9 \u03bd\u03cd\u03c7\u03c4\u03b1\u03c2 50 ml<\/li>\n<li>Acad\u00e9mie Scientifique de Beaut\u00e9 S\u00e8ve Miracle \u03bb\u03b5\u03b9\u03b1\u03bd\u03c4\u03b9\u03ba\u03ae \u03ba\u03c1\u03ad\u03bc\u03b1 \u03bc\u03b1\u03c4\u03b9\u03ce\u03bd 15 ml<\/li>\n<\/ul>\n","protected":false},"featured_media":6598930,"template":"","meta":{"om_disable_all_campaigns":false,"_monsterinsights_skip_tracking":false,"_monsterinsights_sitenote_active":false,"_monsterinsights_sitenote_note":"","_monsterinsights_sitenote_category":0},"product_cat":[395,299,298],"product_tag":[],"class_list":{"0":"post-6598925","1":"product","2":"type-product","3":"status-publish","4":"has-post-thumbnail","6":"product_brand-academie-en","7":"product_cat-kit","8":"product_cat-kremes-prosopou-en","9":"product_cat-kremes-mation-en","12":"first","13":"outofstock","14":"sale","15":"shipping-taxable","16":"purchasable","17":"product-type-simple"},"aioseo_notices":[],"_links":{"self":[{"href":"https:\/\/bodyandface.gr\/en\/wp-json\/wp\/v2\/product\/6598925"}],"collection":[{"href":"https:\/\/bodyandface.gr\/en\/wp-json\/wp\/v2\/product"}],"about":[{"href":"https:\/\/bodyandface.gr\/en\/wp-json\/wp\/v2\/types\/product"}],"version-history":[{"count":3,"href":"https:\/\/bodyandface.gr\/en\/wp-json\/wp\/v2\/product\/6598925\/revisions"}],"predecessor-version":[{"id":6598934,"href":"https:\/\/bodyandface.gr\/en\/wp-json\/wp\/v2\/product\/6598925\/revisions\/6598934"}],"wp:featuredmedia":[{"embeddable":true,"href":"https:\/\/bodyandface.gr\/en\/wp-json\/wp\/v2\/media\/6598930"}],"wp:attachment":[{"href":"https:\/\/bodyandface.gr\/en\/wp-json\/wp\/v2\/media?parent=6598925"}],"wp:term":[{"taxonomy":"product_cat","embeddable":true,"href":"https:\/\/bodyandface.gr\/en\/wp-json\/wp\/v2\/product_cat?post=6598925"},{"taxonomy":"product_tag","embeddable":true,"href":"https:\/\/bodyandface.gr\/en\/wp-json\/wp\/v2\/product_tag?post=6598925"}],"curies":[{"name":"wp","href":"https:\/\/api.w.org\/{rel}","templated":true}]}}